{"id":2,"date":"2026-02-20T19:32:21","date_gmt":"2026-02-20T19:32:21","guid":{"rendered":"http:\/\/fitsi.fi\/?page_id=2"},"modified":"2026-02-21T11:08:48","modified_gmt":"2026-02-21T11:08:48","slug":"sample-page","status":"publish","type":"page","link":"https:\/\/fitsi.fi\/","title":{"rendered":"Finnish Video Conferencing Service"},"content":{"rendered":"\n<p>Yhteiskunnan pit\u00e4\u00e4 toimia kriisitilanteissa. Se edellytt\u00e4\u00e4 kriittisen infrastruktuurin turvaamista ulkoisilta uhkilta. Toimivat \u00e4\u00e4ni- ja videokokousyhteydet ovat yksi t\u00e4rkeimmist\u00e4 modernin yhteiskunnan rakenteista. Valitettavasti l\u00e4hes kaikki suomalaiset organisaatiot tukeutuvat t\u00e4ll\u00e4 hetkell\u00e4 ulkomaalaisiin et\u00e4kokousalustoihin, jotka ovat haavoittuvaisia \u00e4killisille kansainv\u00e4lisen tilanteen muutoksille.<\/p>\n\n\n\n<p>Tavoitteemme on siirt\u00e4\u00e4 kotimaisten toimijoiden et\u00e4kokouspalvelut Suomen rajojen sis\u00e4puolelle ja avoimeen l\u00e4hdekoodiin pohjautuvaksi. Suomalaisten on kyett\u00e4v\u00e4 pysym\u00e4\u00e4n yhteydess\u00e4 toisiinsa huolimatta siit\u00e4 mit\u00e4 maailmalla tapahtuu.<\/p>\n\n\n\n<blockquote class=\"wp-block-quote is-layout-flow wp-block-quote-is-layout-flow\">\n<div class=\"wp-block-columns is-layout-flex wp-container-core-columns-is-layout-28f84493 wp-block-columns-is-layout-flex\">\n<div class=\"wp-block-column is-layout-flow wp-block-column-is-layout-flow\" style=\"flex-basis:33%\">\n<figure class=\"wp-block-image aligncenter size-full is-resized\"><img loading=\"lazy\" decoding=\"async\" width=\"1024\" height=\"1024\" src=\"https:\/\/fitsi.fi\/wp-content\/uploads\/2026\/02\/jitsi_logo.png\" alt=\"\" class=\"wp-image-65\" style=\"width:126px;height:auto\" srcset=\"https:\/\/fitsi.fi\/wp-content\/uploads\/2026\/02\/jitsi_logo.png 1024w, https:\/\/fitsi.fi\/wp-content\/uploads\/2026\/02\/jitsi_logo-300x300.png 300w, https:\/\/fitsi.fi\/wp-content\/uploads\/2026\/02\/jitsi_logo-150x150.png 150w, https:\/\/fitsi.fi\/wp-content\/uploads\/2026\/02\/jitsi_logo-768x768.png 768w, https:\/\/fitsi.fi\/wp-content\/uploads\/2026\/02\/jitsi_logo-12x12.png 12w, https:\/\/fitsi.fi\/wp-content\/uploads\/2026\/02\/jitsi_logo-600x600.png 600w, https:\/\/fitsi.fi\/wp-content\/uploads\/2026\/02\/jitsi_logo-100x100.png 100w\" sizes=\"auto, (max-width: 1024px) 100vw, 1024px\" \/><\/figure>\n<\/div>\n\n\n\n<div class=\"wp-block-column is-vertically-aligned-center is-layout-flow wp-block-column-is-layout-flow\">\n<h2 class=\"wp-block-heading has-text-align-left\">Jitsi videokokousalusta<\/h2>\n<\/div>\n<\/div>\n\n\n\n<p>Vapaan ja avoimen l\u00e4hdekoodin vaihtoehto<\/p>\n<\/blockquote>\n\n\n\n<p>Se, ett\u00e4 yhteiskunnalle kriittinen palvelu ja palvelimet sijaitsevat Suomessa, ei yksin\u00e4\u00e4n riit\u00e4. Palvelun on sen lis\u00e4ksi oltava helposti monistettavissa. Mik\u00e4li palvelun toimittaja ei en\u00e4\u00e4 jostain syyst\u00e4 kykene tarjoamaan palvelua, tai palvelun ehdot tai hinta muuttuvat olennaisesti, voivat muut kotimaiset toimittajat jatkaa saman j\u00e4rjestelm\u00e4n tarjoamista.<\/p>\n\n\n\n<p>Vapaa ja avoin l\u00e4hdekoodi mahdollistaa monistettavuuden. Sen perusperiaatteiden mukaisesti kenell\u00e4 tahansa on oikeus n\u00e4hd\u00e4, kopioida, muokata ja asentaa ohjelmaa &#8211; t\u00e4ysin vapaasti ja milloin tahansa.<\/p>\n\n\n\n<p>Jitsi on maailman k\u00e4ytetyin vapaan ja avoimen l\u00e4hdekoodin videokokousalusta.<\/p>\n\n\n\n<p>Vapaan koodin oikeudet est\u00e4v\u00e4t sen, ett\u00e4 kukaan ei voi painaa isoa punaista nappia, jolla Jitsi lamautetaan pysyv\u00e4sti. Vaikka palvelinsalit tuhottaisiin, tai kehitt\u00e4j\u00e4yhteis\u00f6n keskeisimpi\u00e4 j\u00e4seni\u00e4 kiristett\u00e4isiin, kuka tahansa voi milloin tahansa asentaa Jitsin mink\u00e4 tahansa version ja mille tahansa palvelimelle. Vaikka viimek\u00e4dess\u00e4 kotikomeroon.<\/p>\n\n\n\n<p>Palveluiden kotimaisesta jatkuvuudesta huolehtiminen on meid\u00e4n t\u00e4rkein tavoitteemme.  Autamme sinua ja ty\u00f6yhteis\u00f6\u00e4si varautumaan ulkoisiin uhkiin k\u00e4ytt\u00e4m\u00e4ll\u00e4 vapaan ja avoimen l\u00e4hdekoodin kotimaisia ratkaisuja. Samalla tuet suomalaista ty\u00f6t\u00e4 ja laitat rahasi kiertoon suomalaiseen talouteen. Olemme pieni maa, joka on haavoittuvainen supervaltojen ailahteluille. Siit\u00e4 huolimatta koemme, ett\u00e4 Suomessa ja suomalaisilla on sisua selvit\u00e4 omavaraisesti. K\u00e4ytet\u00e4\u00e4n t\u00e4t\u00e4 sisua my\u00f6s ohjelmistopalveluissa.<\/p>\n\n\n\n<p><\/p>\n","protected":false},"excerpt":{"rendered":"<p>Yhteiskunnan pit\u00e4\u00e4 toimia kriisitilanteissa. Se edellytt\u00e4\u00e4 kriittisen infrastruktuurin turvaamista ulkoisilta uhkilta. Toimivat \u00e4\u00e4ni- ja videokokousyhteydet ovat yksi t\u00e4rkeimmist\u00e4 modernin yhteiskunnan rakenteista. Valitettavasti l\u00e4hes kaikki suomalaiset organisaatiot tukeutuvat t\u00e4ll\u00e4 hetkell\u00e4 ulkomaalaisiin et\u00e4kokousalustoihin, jotka ovat haavoittuvaisia \u00e4killisille kansainv\u00e4lisen tilanteen muutoksille. Tavoitteemme on siirt\u00e4\u00e4 kotimaisten toimijoiden et\u00e4kokouspalvelut Suomen rajojen sis\u00e4puolelle ja avoimeen l\u00e4hdekoodiin pohjautuvaksi. Suomalaisten on kyett\u00e4v\u00e4 pysym\u00e4\u00e4n [&hellip;]<\/p>\n","protected":false},"author":1,"featured_media":0,"parent":0,"menu_order":0,"comment_status":"closed","ping_status":"open","template":"","meta":{"footnotes":""},"class_list":["post-2","page","type-page","status-publish","hentry"],"_links":{"self":[{"href":"https:\/\/fitsi.fi\/index.php?rest_route=\/wp\/v2\/pages\/2","targetHints":{"allow":["GET"]}}],"collection":[{"href":"https:\/\/fitsi.fi\/index.php?rest_route=\/wp\/v2\/pages"}],"about":[{"href":"https:\/\/fitsi.fi\/index.php?rest_route=\/wp\/v2\/types\/page"}],"author":[{"embeddable":true,"href":"https:\/\/fitsi.fi\/index.php?rest_route=\/wp\/v2\/users\/1"}],"replies":[{"embeddable":true,"href":"https:\/\/fitsi.fi\/index.php?rest_route=%2Fwp%2Fv2%2Fcomments&post=2"}],"version-history":[{"count":78,"href":"https:\/\/fitsi.fi\/index.php?rest_route=\/wp\/v2\/pages\/2\/revisions"}],"predecessor-version":[{"id":164,"href":"https:\/\/fitsi.fi\/index.php?rest_route=\/wp\/v2\/pages\/2\/revisions\/164"}],"wp:attachment":[{"href":"https:\/\/fitsi.fi\/index.php?rest_route=%2Fwp%2Fv2%2Fmedia&parent=2"}],"curies":[{"name":"wp","href":"https:\/\/api.w.org\/{rel}","templated":true}]}}